{"id":488,"date":"2019-08-01T22:29:32","date_gmt":"2019-08-01T22:29:32","guid":{"rendered":"http:\/\/instalock.eu\/?page_id=488"},"modified":"2019-08-01T22:40:20","modified_gmt":"2019-08-01T22:40:20","slug":"privacy-policy","status":"publish","type":"page","link":"https:\/\/instalock.eu\/en\/privacy-policy\/","title":{"rendered":"Privacy Policy"},"content":{"rendered":"<div data-elementor-type=\"wp-post\" data-elementor-id=\"488\" class=\"elementor elementor-488\" data-elementor-settings=\"[]\">\n\t\t\t\t\t\t<div class=\"elementor-inner\">\n\t\t\t\t\t\t\t<div class=\"elementor-section-wrap\">\n\t\t\t\t\t\t\t<section class=\"elementor-section elementor-top-section elementor-element elementor-element-5cb8b6d elementor-section-height-min-height elementor-section-boxed elementor-section-height-default elementor-section-items-middle\" data-id=\"5cb8b6d\" data-element_type=\"section\" data-settings=\"{&quot;background_background&quot;:&quot;classic&quot;}\">\n\t\t\t\t\t\t\t<div class=\"elementor-background-overlay\"><\/div>\n\t\t\t\t\t\t\t<div class=\"elementor-container elementor-column-gap-default\">\n\t\t\t\t\t\t\t<div class=\"elementor-row\">\n\t\t\t\t\t<div class=\"elementor-column elementor-col-100 elementor-top-column elementor-element elementor-element-b907772\" data-id=\"b907772\" data-element_type=\"column\">\n\t\t\t<div class=\"elementor-column-wrap elementor-element-populated\">\n\t\t\t\t\t\t\t<div class=\"elementor-widget-wrap\">\n\t\t\t\t\t\t<div class=\"elementor-element elementor-element-6f6e030 elementor-widget elementor-widget-heading\" data-id=\"6f6e030\" data-element_type=\"widget\" data-widget_type=\"heading.default\">\n\t\t\t\t<div class=\"elementor-widget-container\">\n\t\t\t<h2 class=\"elementor-heading-title elementor-size-default\">Privacy Policy<\/h2>\t\t<\/div>\n\t\t\t\t<\/div>\n\t\t\t\t<div class=\"elementor-element elementor-element-b9bccaa elementor-widget elementor-widget-text-editor\" data-id=\"b9bccaa\" data-element_type=\"widget\" data-widget_type=\"text-editor.default\">\n\t\t\t\t<div class=\"elementor-widget-container\">\n\t\t\t\t\t\t\t\t<div class=\"elementor-text-editor elementor-clearfix\">\n\t\t\t\t\t\t\t\t\t<\/div>\n\t\t\t\t\t\t<\/div>\n\t\t\t\t<\/div>\n\t\t\t\t\t\t<\/div>\n\t\t\t\t\t<\/div>\n\t\t<\/div>\n\t\t\t\t\t\t\t\t<\/div>\n\t\t\t\t\t<\/div>\n\t\t<\/section>\n\t\t\t\t<section class=\"elementor-section elementor-top-section elementor-element elementor-element-229b616 elementor-section-boxed elementor-section-height-default elementor-section-height-default\" data-id=\"229b616\" data-element_type=\"section\" data-settings=\"{&quot;background_background&quot;:&quot;classic&quot;}\">\n\t\t\t\t\t\t<div class=\"elementor-container elementor-column-gap-default\">\n\t\t\t\t\t\t\t<div class=\"elementor-row\">\n\t\t\t\t\t<div class=\"elementor-column elementor-col-100 elementor-top-column elementor-element elementor-element-13a9dae\" data-id=\"13a9dae\" data-element_type=\"column\">\n\t\t\t<div class=\"elementor-column-wrap elementor-element-populated\">\n\t\t\t\t\t\t\t<div class=\"elementor-widget-wrap\">\n\t\t\t\t\t\t<div class=\"elementor-element elementor-element-22fe3de elementor-widget elementor-widget-text-editor\" data-id=\"22fe3de\" data-element_type=\"widget\" data-widget_type=\"text-editor.default\">\n\t\t\t\t<div class=\"elementor-widget-container\">\n\t\t\t\t\t\t\t\t<div class=\"elementor-text-editor elementor-clearfix\">\n\t\t\t\t<div id=\"c696\" class=\"csc-frame csc-frame-rulerAfter\">\n<div class=\"csc-header csc-header-n1\">\n<h3 class=\"csc-firstHeader\">Privacy Policy<\/h3>\n<\/div>\n<\/div>\n<div id=\"c654\" class=\"csc-default\">\n<p>Your trust is very important to us! Protecting your personal rights, your data and observing your right to informational self-determination when collecting, processing and using your personal data is important to us. We are pleased that you are interested in our website. Below we inform you in detail about the handling of your data.<\/p>\n<\/div>\n<div id=\"c689\" class=\"csc-default\">\n<div class=\"csc-header csc-header-n3\">\n<h3>Collection, processing and use of personal data<\/h3>\n<\/div>\n<p>You can visit our website without providing any personal information. We only store access data without personal reference, e.g. the name of your Internet service provider, the page from which you are visiting us or the name of the requested file. This data is only evaluated to improve our offer and does not allow any conclusions to be drawn about you personally.<\/p>\n<\/div>\n<div id=\"c694\" class=\"csc-default\">\n<div class=\"csc-header csc-header-n4\">\n<h3>Contact form \/ email<\/h3>\n<\/div>\n<p>We save and use data entered by you in the contact form or in an email, such as name, email, telephone number, company details, subject and message text, for the purpose of individual communication with you. Please note that the transmission of the data is not encrypted and therefore no confidential information should be sent via the contact form.<\/p>\n<\/div>\n<div id=\"c690\" class=\"csc-default\">\n<div class=\"csc-header csc-header-n5\">\n<h3>Use of cookies<\/h3>\n<\/div>\n<p>We use cookies on various pages to make visiting our website attractive and to enable the use of certain functions. These are small text files that are stored on your computer. Most of the cookies we use are deleted from your hard drive at the end of the browser session (so-called session cookies). Other cookies remain on your computer and enable us to recognize your computer the next time you visit (so-called permanent cookies). Our partner companies are not permitted to use our website to collect, process or use personal data using cookies.<\/p>\n<\/div>\n<div id=\"c691\" class=\"csc-default\">\n<div class=\"csc-header csc-header-n6\">\n<h3>Right of providing information<\/h3>\n<\/div>\n<p>According to the Federal Data Protection Act, you have the right to free information about your stored data and, if necessary, the right to correct, block or delete this data.<\/p>\n<\/div>\n<div id=\"c692\" class=\"csc-default\">\n<div class=\"csc-header csc-header-n7\">\n<h3>Use of Google Analytics<\/h3>\n<\/div>\n<p>This website uses Google Analytics, a web analytics service provided by Google Inc. (\"Google\"). Google Analytics uses so-called \"cookies\", text files that are stored on your computer and that enable an analysis of your use of the website. The information generated by the cookie about your use of this website (including your IP address) is transmitted to a Google server in the USA and stored there. Google will use this information to evaluate your use of the website, to compile reports on website activity for website operators and to provide other services related to website activity and internet usage. Google may also transfer this information to third parties if this is required by law or if third parties process this data on behalf of Google. Under no circumstances will Google link your IP address with other Google data<\/p>\n<p class=\" translation-block\">You can prevent the installation of cookies by setting your browser software accordingly; however, we would like to point out that in this case you may not be able to use all functions of this website to their full extent. By using this website, you consent to the processing of data about you by Google in the manner and for the purposes set out above. The data collection and storage can at any time with future effect <a title=\"Deactivation add-on for browsers from Google Analytics\" href=\"https:\/\/tools.google.com\/dlpage\/gaoptout?hl=de\" target=\"_ self\" rel=\"noopener noreferrer\"> be contradicted <\/a>. In view of the discussion about the use of analysis tools with full IP addresses, we would like to point out that this website uses Google Analytics with the extension \"_anonymizeIp ()\" and therefore IP addresses are only processed in abbreviated form in order to exclude a direct personal reference.<\/p>\n<\/div>\n<div id=\"c693\" class=\"csc-default\">\n<div class=\"csc-header csc-header-n9\">\n<h3>Contact person for data protection<\/h3>\n<\/div>\n<p>If you have any questions about the collection, processing or use of your personal data, information, correction, blocking or deletion of data or revocation of consent, please contact:<\/p>\n<p>Email:&nbsp; love(at)instalock.eu<\/p>\n<\/div>\t\t\t\t\t<\/div>\n\t\t\t\t\t\t<\/div>\n\t\t\t\t<\/div>\n\t\t\t\t\t\t<\/div>\n\t\t\t\t\t<\/div>\n\t\t<\/div>\n\t\t\t\t\t\t\t\t<\/div>\n\t\t\t\t\t<\/div>\n\t\t<\/section>\n\t\t\t\t\t\t<\/div>\n\t\t\t\t\t\t<\/div>\n\t\t\t\t\t<\/div>","protected":false},"excerpt":{"rendered":"<p>DATENSCHUTZ Datenschutzerkl\u00e4rung Ihr Vertrauen ist uns sehr wichtig! Der Schutz Ihrer Pers\u00f6nlichkeitsrechte, Ihrer Daten sowie der Beachtung Ihres Rechts zur informationellen Selbstbestimmung bei der Erhebung, Verarbeitung und Nutzung Ihrer pers\u00f6nlichen Daten ist uns ein wichtiges Anliegen.Wir freuen uns \u00fcber Ihr Interesse an unserer Website. Nachstehend informieren wir Sie ausf\u00fchrlich \u00fcber den Umgang mit Ihren Daten. [&hellip;]<\/p>","protected":false},"author":1,"featured_media":0,"parent":0,"menu_order":0,"comment_status":"closed","ping_status":"closed","template":"","meta":[],"yoast_head":"<!-- This site is optimized with the Yoast SEO plugin v17.9 - https:\/\/yoast.com\/wordpress\/plugins\/seo\/ -->\n<title>Privacy Policy - INSTALOCK - Mehr als ein Fahrradschloss<\/title>\n<meta name=\"robots\" content=\"index, follow, max-snippet:-1, max-image-preview:large, max-video-preview:-1\" \/>\n<link rel=\"canonical\" href=\"https:\/\/instalock.eu\/en\/privacy-policy\/\" \/>\n<meta property=\"og:locale\" content=\"en_GB\" \/>\n<meta property=\"og:type\" content=\"article\" \/>\n<meta property=\"og:title\" content=\"Privacy Policy - INSTALOCK - Mehr als ein Fahrradschloss\" \/>\n<meta property=\"og:description\" content=\"DATENSCHUTZ Datenschutzerkl\u00e4rung Ihr Vertrauen ist uns sehr wichtig! Der Schutz Ihrer Pers\u00f6nlichkeitsrechte, Ihrer Daten sowie der Beachtung Ihres Rechts zur informationellen Selbstbestimmung bei der Erhebung, Verarbeitung und Nutzung Ihrer pers\u00f6nlichen Daten ist uns ein wichtiges Anliegen.Wir freuen uns \u00fcber Ihr Interesse an unserer Website. Nachstehend informieren wir Sie ausf\u00fchrlich \u00fcber den Umgang mit Ihren Daten. [&hellip;]\" \/>\n<meta property=\"og:url\" content=\"https:\/\/instalock.eu\/en\/privacy-policy\/\" \/>\n<meta property=\"og:site_name\" content=\"INSTALOCK - Mehr als ein Fahrradschloss\" \/>\n<meta property=\"article:modified_time\" content=\"2019-08-01T22:40:20+00:00\" \/>\n<meta name=\"twitter:card\" content=\"summary_large_image\" \/>\n<meta name=\"twitter:label1\" content=\"Estimated reading time\" \/>\n\t<meta name=\"twitter:data1\" content=\"3 minutes\" \/>\n<script type=\"application\/ld+json\" class=\"yoast-schema-graph\">{\"@context\":\"https:\/\/schema.org\",\"@graph\":[{\"@type\":\"WebSite\",\"@id\":\"https:\/\/instalock.eu\/#website\",\"url\":\"https:\/\/instalock.eu\/\",\"name\":\"INSTALOCK - Mehr als ein Fahrradschloss\",\"description\":\"E-Bike-Schutz mit 100% mit der Diebstahlsicherung. Das beste Schloss f\\u00fcr dein E-Bike jetzt kaufen.\",\"potentialAction\":[{\"@type\":\"SearchAction\",\"target\":{\"@type\":\"EntryPoint\",\"urlTemplate\":\"https:\/\/instalock.eu\/?s={search_term_string}\"},\"query-input\":\"required name=search_term_string\"}],\"inLanguage\":\"en-GB\"},{\"@type\":\"WebPage\",\"@id\":\"https:\/\/instalock.eu\/en\/privacy-policy\/#webpage\",\"url\":\"https:\/\/instalock.eu\/en\/privacy-policy\/\",\"name\":\"Privacy Policy - INSTALOCK - Mehr als ein Fahrradschloss\",\"isPartOf\":{\"@id\":\"https:\/\/instalock.eu\/#website\"},\"datePublished\":\"2019-08-01T22:29:32+00:00\",\"dateModified\":\"2019-08-01T22:40:20+00:00\",\"breadcrumb\":{\"@id\":\"https:\/\/instalock.eu\/en\/privacy-policy\/#breadcrumb\"},\"inLanguage\":\"en-GB\",\"potentialAction\":[{\"@type\":\"ReadAction\",\"target\":[\"https:\/\/instalock.eu\/en\/privacy-policy\/\"]}]},{\"@type\":\"BreadcrumbList\",\"@id\":\"https:\/\/instalock.eu\/en\/privacy-policy\/#breadcrumb\",\"itemListElement\":[{\"@type\":\"ListItem\",\"position\":1,\"name\":\"Startseite\",\"item\":\"https:\/\/instalock.eu\/\"},{\"@type\":\"ListItem\",\"position\":2,\"name\":\"Privacy Policy\"}]}]}<\/script>\n<!-- \/ Yoast SEO plugin. -->","yoast_head_json":{"title":"Privacy Policy - INSTALOCK - Mehr als ein Fahrradschloss","robots":{"index":"index","follow":"follow","max-snippet":"max-snippet:-1","max-image-preview":"max-image-preview:large","max-video-preview":"max-video-preview:-1"},"canonical":"https:\/\/instalock.eu\/en\/privacy-policy\/","og_locale":"en_GB","og_type":"article","og_title":"Privacy Policy - INSTALOCK - Mehr als ein Fahrradschloss","og_description":"DATENSCHUTZ Datenschutzerkl\u00e4rung Ihr Vertrauen ist uns sehr wichtig! Der Schutz Ihrer Pers\u00f6nlichkeitsrechte, Ihrer Daten sowie der Beachtung Ihres Rechts zur informationellen Selbstbestimmung bei der Erhebung, Verarbeitung und Nutzung Ihrer pers\u00f6nlichen Daten ist uns ein wichtiges Anliegen.Wir freuen uns \u00fcber Ihr Interesse an unserer Website. Nachstehend informieren wir Sie ausf\u00fchrlich \u00fcber den Umgang mit Ihren Daten. [&hellip;]","og_url":"https:\/\/instalock.eu\/en\/privacy-policy\/","og_site_name":"INSTALOCK - Mehr als ein Fahrradschloss","article_modified_time":"2019-08-01T22:40:20+00:00","twitter_card":"summary_large_image","twitter_misc":{"Estimated reading time":"3 minutes"},"schema":{"@context":"https:\/\/schema.org","@graph":[{"@type":"WebSite","@id":"https:\/\/instalock.eu\/#website","url":"https:\/\/instalock.eu\/","name":"INSTALOCK - Mehr als ein Fahrradschloss","description":"E-Bike-Schutz mit 100% mit der Diebstahlsicherung. Das beste Schloss f\u00fcr dein E-Bike jetzt kaufen.","potentialAction":[{"@type":"SearchAction","target":{"@type":"EntryPoint","urlTemplate":"https:\/\/instalock.eu\/?s={search_term_string}"},"query-input":"required name=search_term_string"}],"inLanguage":"en-GB"},{"@type":"WebPage","@id":"https:\/\/instalock.eu\/en\/privacy-policy\/#webpage","url":"https:\/\/instalock.eu\/en\/privacy-policy\/","name":"Privacy Policy - INSTALOCK - Mehr als ein Fahrradschloss","isPartOf":{"@id":"https:\/\/instalock.eu\/#website"},"datePublished":"2019-08-01T22:29:32+00:00","dateModified":"2019-08-01T22:40:20+00:00","breadcrumb":{"@id":"https:\/\/instalock.eu\/en\/privacy-policy\/#breadcrumb"},"inLanguage":"en-GB","potentialAction":[{"@type":"ReadAction","target":["https:\/\/instalock.eu\/en\/privacy-policy\/"]}]},{"@type":"BreadcrumbList","@id":"https:\/\/instalock.eu\/en\/privacy-policy\/#breadcrumb","itemListElement":[{"@type":"ListItem","position":1,"name":"Startseite","item":"https:\/\/instalock.eu\/"},{"@type":"ListItem","position":2,"name":"Privacy Policy"}]}]}},"_links":{"self":[{"href":"https:\/\/instalock.eu\/en\/wp-json\/wp\/v2\/pages\/488"}],"collection":[{"href":"https:\/\/instalock.eu\/en\/wp-json\/wp\/v2\/pages"}],"about":[{"href":"https:\/\/instalock.eu\/en\/wp-json\/wp\/v2\/types\/page"}],"author":[{"embeddable":true,"href":"https:\/\/instalock.eu\/en\/wp-json\/wp\/v2\/users\/1"}],"replies":[{"embeddable":true,"href":"https:\/\/instalock.eu\/en\/wp-json\/wp\/v2\/comments?post=488"}],"version-history":[{"count":5,"href":"https:\/\/instalock.eu\/en\/wp-json\/wp\/v2\/pages\/488\/revisions"}],"predecessor-version":[{"id":494,"href":"https:\/\/instalock.eu\/en\/wp-json\/wp\/v2\/pages\/488\/revisions\/494"}],"wp:attachment":[{"href":"https:\/\/instalock.eu\/en\/wp-json\/wp\/v2\/media?parent=488"}],"curies":[{"name":"wp","href":"https:\/\/api.w.org\/{rel}","templated":true}]}}